{"id":3,"date":"2026-01-13T15:04:25","date_gmt":"2026-01-13T15:04:25","guid":{"rendered":"https:\/\/www.zorextravel.com\/?page_id=3"},"modified":"2026-02-15T19:43:52","modified_gmt":"2026-02-15T19:43:52","slug":"polityka-prywatnosci","status":"publish","type":"page","link":"https:\/\/www.zorextravel.com\/pl\/polityka-prywatnosci\/","title":{"rendered":"Polityka prywatno\u015bci"},"content":{"rendered":"<h2 class=\"wp-block-heading\">Kim jeste\u015bmy<\/h2>\n\n\n\n<p><strong class=\"privacy-policy-tutorial\">Proponowany tekst: <\/strong>Adres naszej strony internetowej to: https:\/\/www.zorextravel.com.<\/p>\n\n\n\n<h2 class=\"wp-block-heading\">Uwagi<\/h2>\n\n\n\n<p><strong class=\"privacy-policy-tutorial\">Proponowany tekst: <\/strong>Kiedy odwiedzaj\u0105cy zostawiaj\u0105 komentarze w witrynie, zbieramy dane widoczne w formularzu komentowania, a tak\u017ce adres IP odwiedzaj\u0105cego i ci\u0105g agenta u\u017cytkownika przegl\u0105darki, aby pom\u00f3c w wykrywaniu spamu.<\/p>\n\n\n\n<p>Zanonimizowany ci\u0105g utworzony na podstawie Twojego adresu e-mail (nazywany r\u00f3wnie\u017c hashem) mo\u017ce zosta\u0107 przes\u0142any do us\u0142ugi Gravatar w celu sprawdzenia, czy z niej korzystasz. Polityka prywatno\u015bci us\u0142ugi Gravatar jest dost\u0119pna tutaj: https:\/\/automattic.com\/privacy\/. Po zatwierdzeniu komentarza, Twoje zdj\u0119cie profilowe b\u0119dzie widoczne publicznie w kontek\u015bcie Twojego komentarza.<\/p>\n\n\n\n<h2 class=\"wp-block-heading\">G\u0142oska bezd\u017awi\u0119czna<\/h2>\n\n\n\n<p><strong class=\"privacy-policy-tutorial\">Proponowany tekst: <\/strong>Je\u015bli przesy\u0142asz na stron\u0119 obrazy, unikaj przesy\u0142ania obraz\u00f3w z osadzonymi danymi lokalizacji (EXIF GPS). Odwiedzaj\u0105cy stron\u0119 mog\u0105 pobra\u0107 i wyodr\u0119bni\u0107 dowolne dane lokalizacji z obraz\u00f3w w witrynie.<\/p>\n\n\n\n<h2 class=\"wp-block-heading\">Ciastka<\/h2>\n\n\n\n<p><strong class=\"privacy-policy-tutorial\">Proponowany tekst: <\/strong>Je\u015bli zostawisz komentarz na naszej stronie, mo\u017cesz wyrazi\u0107 zgod\u0119 na zapisanie swojego imienia, adresu e-mail i adresu witryny w plikach cookie. S\u0142u\u017c\u0105 one Twojej wygodzie, dzi\u0119ki czemu nie musisz ponownie wype\u0142nia\u0107 swoich danych, gdy b\u0119dziesz zostawia\u0107 kolejny komentarz. Te pliki cookie b\u0119d\u0105 dzia\u0142a\u0107 przez rok.<\/p>\n\n\n\n<p>Je\u015bli odwiedzisz nasz\u0105 stron\u0119 logowania, ustawimy tymczasowy plik cookie, aby sprawdzi\u0107, czy Twoja przegl\u0105darka akceptuje pliki cookie. Ten plik cookie nie zawiera \u017cadnych danych osobowych i zostanie usuni\u0119ty po zamkni\u0119ciu przegl\u0105darki.<\/p>\n\n\n\n<p>Po zalogowaniu utworzymy r\u00f3wnie\u017c kilka plik\u00f3w cookie, aby zapisa\u0107 Twoje dane logowania i wybrane ustawienia wy\u015bwietlania ekranu. Pliki cookie logowania s\u0105 aktywne przez dwa dni, a pliki cookie opcji ekranu \u2013 przez rok. Je\u015bli zaznaczysz opcj\u0119 \u201cZapami\u0119taj mnie\u201d, Twoje dane logowania b\u0119d\u0105 przechowywane przez dwa tygodnie. Je\u015bli wylogujesz si\u0119 z konta, pliki cookie logowania zostan\u0105 usuni\u0119te.<\/p>\n\n\n\n<p>Je\u015bli edytujesz lub publikujesz artyku\u0142, w Twojej przegl\u0105darce zostanie zapisany dodatkowy plik cookie. Ten plik cookie nie zawiera \u017cadnych danych osobowych i wskazuje jedynie identyfikator edytowanego artyku\u0142u. Wygasa po 1 dniu.<\/p>\n\n\n\n<h2 class=\"wp-block-heading\">Osadzone tre\u015bci z innych witryn internetowych<\/h2>\n\n\n\n<p><strong class=\"privacy-policy-tutorial\">Proponowany tekst: <\/strong>Artyku\u0142y na tej stronie mog\u0105 zawiera\u0107 osadzone tre\u015bci (np. filmy, obrazy, artyku\u0142y itp.). Osadzone tre\u015bci z innych witryn zachowuj\u0105 si\u0119 dok\u0142adnie tak samo, jakby u\u017cytkownik odwiedzi\u0142 dan\u0105 witryn\u0119.<\/p>\n\n\n\n<p>Te witryny mog\u0105 zbiera\u0107 dane o Tobie, u\u017cywa\u0107 plik\u00f3w cookie, osadza\u0107 dodatkowe narz\u0119dzia \u015bledzenia stron trzecich i monitorowa\u0107 Twoj\u0105 interakcj\u0119 z osadzon\u0105 tre\u015bci\u0105, w tym \u015bledzi\u0107 Twoj\u0105 interakcj\u0119 z osadzon\u0105 tre\u015bci\u0105, je\u015bli masz konto i jeste\u015b zalogowany w tej witrynie.<\/p>\n\n\n\n<h2 class=\"wp-block-heading\">Z kim dzielimy si\u0119 Twoimi danymi<\/h2>\n\n\n\n<p><strong class=\"privacy-policy-tutorial\">Proponowany tekst: <\/strong>Je\u015bli poprosisz o zresetowanie has\u0142a, Tw\u00f3j adres IP zostanie uwzgl\u0119dniony w wiadomo\u015bci e-mail z resetem has\u0142a.<\/p>\n\n\n\n<h2 class=\"wp-block-heading\">Jak d\u0142ugo przechowujemy Twoje dane<\/h2>\n\n\n\n<p><strong class=\"privacy-policy-tutorial\">Proponowany tekst: <\/strong>Je\u015bli zostawisz komentarz, komentarz i jego metadane b\u0119d\u0105 przechowywane bezterminowo. Dzi\u0119ki temu mo\u017cemy automatycznie rozpoznawa\u0107 i zatwierdza\u0107 kolejne komentarze, zamiast trzyma\u0107 je w kolejce do moderacji.<\/p>\n\n\n\n<p>W przypadku u\u017cytkownik\u00f3w, kt\u00f3rzy zarejestruj\u0105 si\u0119 na naszej stronie internetowej (je\u015bli takowi istniej\u0105), przechowujemy r\u00f3wnie\u017c dane osobowe podane przez nich w profilu u\u017cytkownika. Ka\u017cdy u\u017cytkownik mo\u017ce w dowolnym momencie przegl\u0105da\u0107, edytowa\u0107 lub usuwa\u0107 swoje dane osobowe (z wyj\u0105tkiem nazwy u\u017cytkownika, kt\u00f3rej nie mo\u017cna zmieni\u0107). Administratorzy strony internetowej r\u00f3wnie\u017c mog\u0105 przegl\u0105da\u0107 i edytowa\u0107 te dane.<\/p>\n\n\n\n<h2 class=\"wp-block-heading\">Jakie prawa masz do swoich danych<\/h2>\n\n\n\n<p><strong class=\"privacy-policy-tutorial\">Proponowany tekst: <\/strong>Je\u015bli masz konto na tej stronie lub zostawi\u0142e\u015b komentarze, mo\u017cesz poprosi\u0107 o wyeksportowanie pliku z danymi osobowymi, kt\u00f3re przechowujemy na Tw\u00f3j temat, w tym danymi, kt\u00f3re nam przekaza\u0142e\u015b. Mo\u017cesz r\u00f3wnie\u017c poprosi\u0107 o usuni\u0119cie wszelkich danych osobowych, kt\u00f3re przechowujemy na Tw\u00f3j temat. Nie dotyczy to danych, kt\u00f3re jeste\u015bmy zobowi\u0105zani przechowywa\u0107 ze wzgl\u0119d\u00f3w administracyjnych, prawnych lub bezpiecze\u0144stwa.<\/p>","protected":false},"excerpt":{"rendered":"<p>Who we are Suggested text: Our website address is: https:\/\/www.zorextravel.com. Comments Suggested text: When visitors leave comments on the site we collect the data shown in the comments form, and also the visitor\u2019s IP address and browser user agent string to help spam detection. An anonymized string created from your email address (also called a [&hellip;]<\/p>\n","protected":false},"author":1,"featured_media":0,"parent":0,"menu_order":0,"comment_status":"closed","ping_status":"open","template":"","meta":{"footnotes":""},"class_list":["post-3","page","type-page","status-publish","hentry"],"yoast_head":"<!-- This site is optimized with the Yoast SEO plugin v27.3 - https:\/\/yoast.com\/product\/yoast-seo-wordpress\/ -->\n<title>Privacy Policy - Zorex Travel- Discover Egypt with Experts. Experience It with Heart.<\/title>\n<meta name=\"robots\" content=\"index, follow, max-snippet:-1, max-image-preview:large, max-video-preview:-1\" \/>\n<link rel=\"canonical\" href=\"https:\/\/www.zorextravel.com\/pl\/polityka-prywatnosci\/\" \/>\n<meta property=\"og:locale\" content=\"pl_PL\" \/>\n<meta property=\"og:type\" content=\"article\" \/>\n<meta property=\"og:title\" content=\"Privacy Policy - Zorex Travel- Discover Egypt with Experts. Experience It with Heart.\" \/>\n<meta property=\"og:description\" content=\"Who we are Suggested text: Our website address is: https:\/\/www.zorextravel.com. Comments Suggested text: When visitors leave comments on the site we collect the data shown in the comments form, and also the visitor\u2019s IP address and browser user agent string to help spam detection. An anonymized string created from your email address (also called a [&hellip;]\" \/>\n<meta property=\"og:url\" content=\"https:\/\/www.zorextravel.com\/pl\/polityka-prywatnosci\/\" \/>\n<meta property=\"og:site_name\" content=\"Zorex Travel- Discover Egypt with Experts. Experience It with Heart.\" \/>\n<meta property=\"article:modified_time\" content=\"2026-02-15T19:43:52+00:00\" \/>\n<meta name=\"twitter:card\" content=\"summary_large_image\" \/>\n<meta name=\"twitter:label1\" content=\"Szacowany czas czytania\" \/>\n\t<meta name=\"twitter:data1\" content=\"3 minuty\" \/>\n<script type=\"application\/ld+json\" class=\"yoast-schema-graph\">{\"@context\":\"https:\\\/\\\/schema.org\",\"@graph\":[{\"@type\":\"WebPage\",\"@id\":\"https:\\\/\\\/www.zorextravel.com\\\/privacy-policy\\\/\",\"url\":\"https:\\\/\\\/www.zorextravel.com\\\/privacy-policy\\\/\",\"name\":\"Privacy Policy - Zorex Travel- Discover Egypt with Experts. Experience It with Heart.\",\"isPartOf\":{\"@id\":\"https:\\\/\\\/www.zorextravel.com\\\/#website\"},\"datePublished\":\"2026-01-13T15:04:25+00:00\",\"dateModified\":\"2026-02-15T19:43:52+00:00\",\"breadcrumb\":{\"@id\":\"https:\\\/\\\/www.zorextravel.com\\\/privacy-policy\\\/#breadcrumb\"},\"inLanguage\":\"pl-PL\",\"potentialAction\":[{\"@type\":\"ReadAction\",\"target\":[\"https:\\\/\\\/www.zorextravel.com\\\/privacy-policy\\\/\"]}]},{\"@type\":\"BreadcrumbList\",\"@id\":\"https:\\\/\\\/www.zorextravel.com\\\/privacy-policy\\\/#breadcrumb\",\"itemListElement\":[{\"@type\":\"ListItem\",\"position\":1,\"name\":\"Home\",\"item\":\"https:\\\/\\\/www.zorextravel.com\\\/\"},{\"@type\":\"ListItem\",\"position\":2,\"name\":\"Privacy Policy\"}]},{\"@type\":\"WebSite\",\"@id\":\"https:\\\/\\\/www.zorextravel.com\\\/#website\",\"url\":\"https:\\\/\\\/www.zorextravel.com\\\/\",\"name\":\"Zorex Travel- Discover Egypt with Experts. Experience It with Heart.\",\"description\":\"Popular Excursions With zorex travel\",\"potentialAction\":[{\"@type\":\"SearchAction\",\"target\":{\"@type\":\"EntryPoint\",\"urlTemplate\":\"https:\\\/\\\/www.zorextravel.com\\\/?s={search_term_string}\"},\"query-input\":{\"@type\":\"PropertyValueSpecification\",\"valueRequired\":true,\"valueName\":\"search_term_string\"}}],\"inLanguage\":\"pl-PL\"}]}<\/script>\n<!-- \/ Yoast SEO plugin. -->","yoast_head_json":{"title":"Polityka prywatno\u015bci - Zorex Travel - Odkryj Egipt z ekspertami. Prze\u017cyj go z sercem.","robots":{"index":"index","follow":"follow","max-snippet":"max-snippet:-1","max-image-preview":"max-image-preview:large","max-video-preview":"max-video-preview:-1"},"canonical":"https:\/\/www.zorextravel.com\/pl\/polityka-prywatnosci\/","og_locale":"pl_PL","og_type":"article","og_title":"Privacy Policy - Zorex Travel- Discover Egypt with Experts. Experience It with Heart.","og_description":"Who we are Suggested text: Our website address is: https:\/\/www.zorextravel.com. Comments Suggested text: When visitors leave comments on the site we collect the data shown in the comments form, and also the visitor\u2019s IP address and browser user agent string to help spam detection. An anonymized string created from your email address (also called a [&hellip;]","og_url":"https:\/\/www.zorextravel.com\/pl\/polityka-prywatnosci\/","og_site_name":"Zorex Travel- Discover Egypt with Experts. Experience It with Heart.","article_modified_time":"2026-02-15T19:43:52+00:00","twitter_card":"summary_large_image","twitter_misc":{"Szacowany czas czytania":"3 minuty"},"schema":{"@context":"https:\/\/schema.org","@graph":[{"@type":"WebPage","@id":"https:\/\/www.zorextravel.com\/privacy-policy\/","url":"https:\/\/www.zorextravel.com\/privacy-policy\/","name":"Polityka prywatno\u015bci - Zorex Travel - Odkryj Egipt z ekspertami. Prze\u017cyj go z sercem.","isPartOf":{"@id":"https:\/\/www.zorextravel.com\/#website"},"datePublished":"2026-01-13T15:04:25+00:00","dateModified":"2026-02-15T19:43:52+00:00","breadcrumb":{"@id":"https:\/\/www.zorextravel.com\/privacy-policy\/#breadcrumb"},"inLanguage":"pl-PL","potentialAction":[{"@type":"ReadAction","target":["https:\/\/www.zorextravel.com\/privacy-policy\/"]}]},{"@type":"BreadcrumbList","@id":"https:\/\/www.zorextravel.com\/privacy-policy\/#breadcrumb","itemListElement":[{"@type":"ListItem","position":1,"name":"Home","item":"https:\/\/www.zorextravel.com\/"},{"@type":"ListItem","position":2,"name":"Privacy Policy"}]},{"@type":"WebSite","@id":"https:\/\/www.zorextravel.com\/#website","url":"https:\/\/www.zorextravel.com\/","name":"Zorex Travel \u2013 Odkryj Egipt z ekspertami. Prze\u017cyj go z sercem.","description":"Popularne wycieczki Z podr\u00f3\u017cami szcz\u0119\u015bcia","potentialAction":[{"@type":"SearchAction","target":{"@type":"EntryPoint","urlTemplate":"https:\/\/www.zorextravel.com\/?s={search_term_string}"},"query-input":{"@type":"PropertyValueSpecification","valueRequired":true,"valueName":"search_term_string"}}],"inLanguage":"pl-PL"}]}},"_links":{"self":[{"href":"https:\/\/www.zorextravel.com\/pl\/wp-json\/wp\/v2\/pages\/3","targetHints":{"allow":["GET"]}}],"collection":[{"href":"https:\/\/www.zorextravel.com\/pl\/wp-json\/wp\/v2\/pages"}],"about":[{"href":"https:\/\/www.zorextravel.com\/pl\/wp-json\/wp\/v2\/types\/page"}],"author":[{"embeddable":true,"href":"https:\/\/www.zorextravel.com\/pl\/wp-json\/wp\/v2\/users\/1"}],"replies":[{"embeddable":true,"href":"https:\/\/www.zorextravel.com\/pl\/wp-json\/wp\/v2\/comments?post=3"}],"version-history":[{"count":2,"href":"https:\/\/www.zorextravel.com\/pl\/wp-json\/wp\/v2\/pages\/3\/revisions"}],"predecessor-version":[{"id":2195,"href":"https:\/\/www.zorextravel.com\/pl\/wp-json\/wp\/v2\/pages\/3\/revisions\/2195"}],"wp:attachment":[{"href":"https:\/\/www.zorextravel.com\/pl\/wp-json\/wp\/v2\/media?parent=3"}],"curies":[{"name":"wp","href":"https:\/\/api.w.org\/{rel}","templated":true}]}}