{"id":1241,"date":"2026-01-25T15:42:08","date_gmt":"2026-01-25T15:42:08","guid":{"rendered":"https:\/\/www.zorextravel.com\/?page_id=1241"},"modified":"2026-04-04T16:20:42","modified_gmt":"2026-04-04T16:20:42","slug":"miejsca-docelowe","status":"publish","type":"page","link":"https:\/\/www.zorextravel.com\/pl\/miejsca-docelowe\/","title":{"rendered":"Miejsca docelowe"},"content":{"rendered":"<div data-elementor-type=\"wp-page\" data-elementor-id=\"1241\" class=\"elementor elementor-1241\">\n\t\t\t\t\t\t<section class=\"elementor-section elementor-top-section elementor-element elementor-element-490a85f elementor-section-height-min-height elementor-section-boxed elementor-section-height-default elementor-section-items-middle\" data-id=\"490a85f\" data-element_type=\"section\" data-e-type=\"section\" data-settings=\"{&quot;background_background&quot;:&quot;classic&quot;}\">\n\t\t\t\t\t\t\t<div class=\"elementor-background-overlay\"><\/div>\n\t\t\t\t\t\t\t<div class=\"elementor-container elementor-column-gap-default\">\n\t\t\t\t\t<div class=\"elementor-column elementor-col-100 elementor-top-column elementor-element elementor-element-3fa40d3\" data-id=\"3fa40d3\" data-element_type=\"column\" data-e-type=\"column\">\n\t\t\t<div class=\"elementor-widget-wrap elementor-element-populated\">\n\t\t\t\t\t\t<div class=\"elementor-element elementor-element-2777f38 animated-fast elementor-invisible elementor-widget elementor-widget-gva-heading-block\" data-id=\"2777f38\" data-element_type=\"widget\" data-e-type=\"widget\" data-settings=\"{&quot;_animation&quot;:&quot;slideInDown&quot;}\" data-widget_type=\"gva-heading-block.default\">\n\t\t\t\t<div class=\"elementor-widget-container\">\n\t\t\t\t\t<div class=\"gva-element-gva-heading-block gva-element\">   <div class=\"align-center style-5 widget gsc-heading box-align-left auto-responsive\">\r\n      <div class=\"content-inner\">\r\n         \r\n                  \r\n         <div class=\"sub-title\"><span class=\"tagline\">podr\u00f3\u017ce szcz\u0119\u015bcia<\/span><\/div>  \r\n         \r\n                     <h2 class=\"title\">\r\n               <span>Nasze destynacje w Egipcie<\/span>\r\n            <\/h2>\r\n                  \r\n                     <div class=\"title-desc\">Egipt to co\u015b wi\u0119cej ni\u017c cel podr\u00f3\u017cy \u2014 to do\u015bwiadczenie, kt\u00f3re rozbudzi wszystkie zmys\u0142y. Happiness Travels z dum\u0105 oferuje niezapomniane wycieczki do dw\u00f3ch najpi\u0119kniejszych miejsc w Egipcie nad Morzem Czerwonym.<\/div>\r\n         \r\n         \r\n      <\/div>\r\n   <\/div>\r\n<\/div>\t\t\t\t<\/div>\n\t\t\t\t<\/div>\n\t\t\t\t\t<\/div>\n\t\t<\/div>\n\t\t\t\t\t<\/div>\n\t\t<\/section>\n\t\t\t\t<section class=\"elementor-section elementor-top-section elementor-element elementor-element-7d436c6 elementor-section-boxed elementor-section-height-default elementor-section-height-default\" data-id=\"7d436c6\" data-element_type=\"section\" data-e-type=\"section\" data-settings=\"{&quot;background_background&quot;:&quot;classic&quot;}\">\n\t\t\t\t\t\t<div class=\"elementor-container elementor-column-gap-default\">\n\t\t\t\t\t<div class=\"elementor-column elementor-col-100 elementor-top-column elementor-element elementor-element-3aa32f4\" data-id=\"3aa32f4\" data-element_type=\"column\" data-e-type=\"column\">\n\t\t\t<div class=\"elementor-widget-wrap elementor-element-populated\">\n\t\t\t\t\t\t<div class=\"elementor-element elementor-element-7c040e7 elementor-widget elementor-widget-gva-heading-block\" data-id=\"7c040e7\" data-element_type=\"widget\" data-e-type=\"widget\" data-widget_type=\"gva-heading-block.default\">\n\t\t\t\t<div class=\"elementor-widget-container\">\n\t\t\t\t\t<div class=\"gva-element-gva-heading-block gva-element\">   <div class=\"align-center style-1 widget gsc-heading box-align-left auto-responsive\">\r\n      <div class=\"content-inner\">\r\n         \r\n                  \r\n         <div class=\"sub-title\"><span class=\"tagline\">Popularne miejsca docelowe<\/span><\/div>  \r\n         \r\n                     <h2 class=\"title\">\r\n               <span>Odkryj prawdziw\u0105 przygod\u0119 dzi\u0119ki podr\u00f3\u017com szcz\u0119\u015bcia<\/span>\r\n            <\/h2>\r\n                  \r\n         \r\n         \r\n      <\/div>\r\n   <\/div>\r\n<\/div>\t\t\t\t<\/div>\n\t\t\t\t<\/div>\n\t\t\t\t<div class=\"elementor-element elementor-element-861aec9 elementor-widget elementor-widget-gva-banners\" data-id=\"861aec9\" data-element_type=\"widget\" data-e-type=\"widget\" data-widget_type=\"gva-banners.default\">\n\t\t\t\t<div class=\"elementor-widget-container\">\n\t\t\t\t\t<div class=\"gva-element-gva-banners gva-element\">\r\n<div class=\"gsc-banners layout-grid\">\r\n   <div class=\"lg-block-grid-2 md-block-grid-2 sm-block-grid-2 xs-block-grid-2 xx-block-grid-2\">\r\n      <div class=\"item-columns\"><div class=\"banner-one__single\"><div class=\"banner-one__content\"><div class=\"banner-one__image\"><img decoding=\"async\" src=\"https:\/\/www.zorextravel.com\/wp-content\/uploads\/2026\/01\/2020-02-15_12-22-46_UTC-257088-500x360.jpg\" alt=\"Hurghada\"\/><\/div><div class=\"banner-one__content-inner\"><div class=\"banner-one__subtitle banner-two__subtitle\">Odkry\u0107<\/div><div class=\"banner-one__content-top\"><h4 class=\"banner-one__title\"><span>Hurghada<\/span><\/h4><span class=\"banner-one__arrow\"><i class=\"fa-solid fa-arrow-right\"><\/i><\/span><\/div><div class=\"banner-one__desc\">Hurghada to nadmorskie miasto wypoczynkowe rozci\u0105gaj\u0105ce si\u0119 na d\u0142ugo\u015bci oko\u0142o 40 km wzd\u0142u\u017c wybrze\u017ca Morza Czerwonego w Egipcie.<\/div><\/div><a href=\"https:\/\/www.zorextravel.com\/pl\/ba_location\/hurghada\/\" class=\"banner-one__link-overlay\"><\/a><\/div><\/div><\/div><div class=\"item-columns\"><div class=\"banner-one__single\"><div class=\"banner-one__content\"><div class=\"banner-one__image\"><img decoding=\"async\" src=\"https:\/\/www.zorextravel.com\/wp-content\/uploads\/2026\/01\/\u0627\u0648\u0631\u0627\u0646\u062c_\u0628\u0627\u064a_\u0627\u0644\u063a\u0631\u062f\u0642\u0629_2-500x360.jpeg\" alt=\"Marsa Alam\"\/><\/div><div class=\"banner-one__content-inner\"><div class=\"banner-one__subtitle banner-two__subtitle\">Odkry\u0107<\/div><div class=\"banner-one__content-top\"><h4 class=\"banner-one__title\"><span>Marsa Alam<\/span><\/h4><span class=\"banner-one__arrow\"><i class=\"fa-solid fa-arrow-right\"><\/i><\/span><\/div><div class=\"banner-one__desc\">Marsa Alam to kurort nad Morzem Czerwonym w Egipcie. S\u0142ynie z piaszczystych pla\u017c i raf koralowych.<\/div><\/div><a href=\"https:\/\/www.zorextravel.com\/pl\/ba_location\/marsa-alam\/\" class=\"banner-one__link-overlay\"><\/a><\/div><\/div><\/div>   <\/div>\r\n<\/div>\r\n<\/div>\t\t\t\t<\/div>\n\t\t\t\t<\/div>\n\t\t\t\t<div class=\"elementor-element elementor-element-5588984 elementor-widget elementor-widget-gva-banners\" data-id=\"5588984\" data-element_type=\"widget\" data-e-type=\"widget\" data-widget_type=\"gva-banners.default\">\n\t\t\t\t<div class=\"elementor-widget-container\">\n\t\t\t\t\t<div class=\"gva-element-gva-banners gva-element\">\r\n<div class=\"gsc-banners layout-grid\">\r\n   <div class=\"lg-block-grid-2 md-block-grid-2 sm-block-grid-2 xs-block-grid-2 xx-block-grid-2\">\r\n      <div class=\"item-columns\"><div class=\"banner-one__single\"><div class=\"banner-one__content\"><div class=\"banner-one__image\"><img decoding=\"async\" src=\"https:\/\/www.zorextravel.com\/wp-content\/uploads\/2026\/01\/2020-02-15_12-22-46_UTC-257088-500x360.jpg\" alt=\"Hurghada\"\/><\/div><div class=\"banner-one__content-inner\"><div class=\"banner-one__subtitle banner-two__subtitle\">Odkry\u0107<\/div><div class=\"banner-one__content-top\"><h4 class=\"banner-one__title\"><span>Hurghada<\/span><\/h4><span class=\"banner-one__arrow\"><i class=\"fa-solid fa-arrow-right\"><\/i><\/span><\/div><div class=\"banner-one__desc\">Hurghada to nadmorskie miasto wypoczynkowe rozci\u0105gaj\u0105ce si\u0119 na d\u0142ugo\u015bci oko\u0142o 40 km wzd\u0142u\u017c wybrze\u017ca Morza Czerwonego w Egipcie.<\/div><\/div><a href=\"https:\/\/www.zorextravel.com\/pl\/ba_location\/hurghada\/\" class=\"banner-one__link-overlay\"><\/a><\/div><\/div><\/div><div class=\"item-columns\"><div class=\"banner-one__single\"><div class=\"banner-one__content\"><div class=\"banner-one__image\"><img decoding=\"async\" src=\"https:\/\/www.zorextravel.com\/wp-content\/uploads\/2026\/01\/\u0627\u0648\u0631\u0627\u0646\u062c_\u0628\u0627\u064a_\u0627\u0644\u063a\u0631\u062f\u0642\u0629_2-500x360.jpeg\" alt=\"Marsa Alam\"\/><\/div><div class=\"banner-one__content-inner\"><div class=\"banner-one__subtitle banner-two__subtitle\">Odkry\u0107<\/div><div class=\"banner-one__content-top\"><h4 class=\"banner-one__title\"><span>Marsa Alam<\/span><\/h4><span class=\"banner-one__arrow\"><i class=\"fa-solid fa-arrow-right\"><\/i><\/span><\/div><div class=\"banner-one__desc\">Marsa Alam to kurort nad Morzem Czerwonym w Egipcie. S\u0142ynie z piaszczystych pla\u017c i raf koralowych.<\/div><\/div><a href=\"https:\/\/www.zorextravel.com\/pl\/ba_location\/marsa-alam\/\" class=\"banner-one__link-overlay\"><\/a><\/div><\/div><\/div>   <\/div>\r\n<\/div>\r\n<\/div>\t\t\t\t<\/div>\n\t\t\t\t<\/div>\n\t\t\t\t\t<\/div>\n\t\t<\/div>\n\t\t\t\t\t<\/div>\n\t\t<\/section>\n\t\t\t\t<\/div>","protected":false},"excerpt":{"rendered":"<p>zorex travel Our Destinations in Egypt Egypt is more than a destination \u2014 it\u2019s an experience that awakens all your senses. zorex travel proudly offers unforgettable excursions in two of Egypt\u2019s most stunning Red Sea destinations. Popular Destinatsions Explore Real Adventure with zorex travel Discover Hurghada Hurghada is a beach resort town stretching some 40km [&hellip;]<\/p>\n","protected":false},"author":1,"featured_media":0,"parent":0,"menu_order":0,"comment_status":"closed","ping_status":"closed","template":"elementor_header_footer","meta":{"footnotes":""},"class_list":["post-1241","page","type-page","status-publish","hentry"],"yoast_head":"<!-- This site is optimized with the Yoast SEO plugin v27.3 - https:\/\/yoast.com\/product\/yoast-seo-wordpress\/ -->\n<title>Destinations - Zorex Travel- Discover Egypt with Experts. Experience It with Heart.<\/title>\n<meta name=\"robots\" content=\"index, follow, max-snippet:-1, max-image-preview:large, max-video-preview:-1\" \/>\n<link rel=\"canonical\" href=\"https:\/\/www.zorextravel.com\/pl\/miejsca-docelowe\/\" \/>\n<meta property=\"og:locale\" content=\"pl_PL\" \/>\n<meta property=\"og:type\" content=\"article\" \/>\n<meta property=\"og:title\" content=\"Destinations - Zorex Travel- Discover Egypt with Experts. Experience It with Heart.\" \/>\n<meta property=\"og:description\" content=\"zorex travel Our Destinations in Egypt Egypt is more than a destination \u2014 it\u2019s an experience that awakens all your senses. zorex travel proudly offers unforgettable excursions in two of Egypt\u2019s most stunning Red Sea destinations. Popular Destinatsions Explore Real Adventure with zorex travel Discover Hurghada Hurghada is a beach resort town stretching some 40km [&hellip;]\" \/>\n<meta property=\"og:url\" content=\"https:\/\/www.zorextravel.com\/pl\/miejsca-docelowe\/\" \/>\n<meta property=\"og:site_name\" content=\"Zorex Travel- Discover Egypt with Experts. Experience It with Heart.\" \/>\n<meta property=\"article:modified_time\" content=\"2026-04-04T16:20:42+00:00\" \/>\n<meta property=\"og:image\" content=\"https:\/\/www.zorextravel.com\/wp-content\/uploads\/2026\/01\/2020-02-15_12-22-46_UTC-257088-500x360.jpg\" \/>\n<meta name=\"twitter:card\" content=\"summary_large_image\" \/>\n<meta name=\"twitter:label1\" content=\"Szacowany czas czytania\" \/>\n\t<meta name=\"twitter:data1\" content=\"2 minuty\" \/>\n<script type=\"application\/ld+json\" class=\"yoast-schema-graph\">{\"@context\":\"https:\\\/\\\/schema.org\",\"@graph\":[{\"@type\":\"WebPage\",\"@id\":\"https:\\\/\\\/www.zorextravel.com\\\/destinations\\\/\",\"url\":\"https:\\\/\\\/www.zorextravel.com\\\/destinations\\\/\",\"name\":\"Destinations - Zorex Travel- Discover Egypt with Experts. Experience It with Heart.\",\"isPartOf\":{\"@id\":\"https:\\\/\\\/www.zorextravel.com\\\/#website\"},\"primaryImageOfPage\":{\"@id\":\"https:\\\/\\\/www.zorextravel.com\\\/destinations\\\/#primaryimage\"},\"image\":{\"@id\":\"https:\\\/\\\/www.zorextravel.com\\\/destinations\\\/#primaryimage\"},\"thumbnailUrl\":\"https:\\\/\\\/www.zorextravel.com\\\/wp-content\\\/uploads\\\/2026\\\/01\\\/2020-02-15_12-22-46_UTC-257088-500x360.jpg\",\"datePublished\":\"2026-01-25T15:42:08+00:00\",\"dateModified\":\"2026-04-04T16:20:42+00:00\",\"breadcrumb\":{\"@id\":\"https:\\\/\\\/www.zorextravel.com\\\/destinations\\\/#breadcrumb\"},\"inLanguage\":\"pl-PL\",\"potentialAction\":[{\"@type\":\"ReadAction\",\"target\":[\"https:\\\/\\\/www.zorextravel.com\\\/destinations\\\/\"]}]},{\"@type\":\"ImageObject\",\"inLanguage\":\"pl-PL\",\"@id\":\"https:\\\/\\\/www.zorextravel.com\\\/destinations\\\/#primaryimage\",\"url\":\"https:\\\/\\\/www.zorextravel.com\\\/wp-content\\\/uploads\\\/2026\\\/01\\\/2020-02-15_12-22-46_UTC-257088-500x360.jpg\",\"contentUrl\":\"https:\\\/\\\/www.zorextravel.com\\\/wp-content\\\/uploads\\\/2026\\\/01\\\/2020-02-15_12-22-46_UTC-257088-500x360.jpg\"},{\"@type\":\"BreadcrumbList\",\"@id\":\"https:\\\/\\\/www.zorextravel.com\\\/destinations\\\/#breadcrumb\",\"itemListElement\":[{\"@type\":\"ListItem\",\"position\":1,\"name\":\"Home\",\"item\":\"https:\\\/\\\/www.zorextravel.com\\\/\"},{\"@type\":\"ListItem\",\"position\":2,\"name\":\"Destinations\"}]},{\"@type\":\"WebSite\",\"@id\":\"https:\\\/\\\/www.zorextravel.com\\\/#website\",\"url\":\"https:\\\/\\\/www.zorextravel.com\\\/\",\"name\":\"Zorex Travel- Discover Egypt with Experts. Experience It with Heart.\",\"description\":\"Popular Excursions With zorex travel\",\"potentialAction\":[{\"@type\":\"SearchAction\",\"target\":{\"@type\":\"EntryPoint\",\"urlTemplate\":\"https:\\\/\\\/www.zorextravel.com\\\/?s={search_term_string}\"},\"query-input\":{\"@type\":\"PropertyValueSpecification\",\"valueRequired\":true,\"valueName\":\"search_term_string\"}}],\"inLanguage\":\"pl-PL\"}]}<\/script>\n<!-- \/ Yoast SEO plugin. -->","yoast_head_json":{"title":"Kierunki podr\u00f3\u017cy - Zorex Travel - Odkryj Egipt z ekspertami. Prze\u017cyj go z sercem.","robots":{"index":"index","follow":"follow","max-snippet":"max-snippet:-1","max-image-preview":"max-image-preview:large","max-video-preview":"max-video-preview:-1"},"canonical":"https:\/\/www.zorextravel.com\/pl\/miejsca-docelowe\/","og_locale":"pl_PL","og_type":"article","og_title":"Destinations - Zorex Travel- Discover Egypt with Experts. Experience It with Heart.","og_description":"zorex travel Our Destinations in Egypt Egypt is more than a destination \u2014 it\u2019s an experience that awakens all your senses. zorex travel proudly offers unforgettable excursions in two of Egypt\u2019s most stunning Red Sea destinations. Popular Destinatsions Explore Real Adventure with zorex travel Discover Hurghada Hurghada is a beach resort town stretching some 40km [&hellip;]","og_url":"https:\/\/www.zorextravel.com\/pl\/miejsca-docelowe\/","og_site_name":"Zorex Travel- Discover Egypt with Experts. Experience It with Heart.","article_modified_time":"2026-04-04T16:20:42+00:00","og_image":[{"url":"https:\/\/www.zorextravel.com\/wp-content\/uploads\/2026\/01\/2020-02-15_12-22-46_UTC-257088-500x360.jpg","type":"","width":"","height":""}],"twitter_card":"summary_large_image","twitter_misc":{"Szacowany czas czytania":"2 minuty"},"schema":{"@context":"https:\/\/schema.org","@graph":[{"@type":"WebPage","@id":"https:\/\/www.zorextravel.com\/destinations\/","url":"https:\/\/www.zorextravel.com\/destinations\/","name":"Kierunki podr\u00f3\u017cy - Zorex Travel - Odkryj Egipt z ekspertami. Prze\u017cyj go z sercem.","isPartOf":{"@id":"https:\/\/www.zorextravel.com\/#website"},"primaryImageOfPage":{"@id":"https:\/\/www.zorextravel.com\/destinations\/#primaryimage"},"image":{"@id":"https:\/\/www.zorextravel.com\/destinations\/#primaryimage"},"thumbnailUrl":"https:\/\/www.zorextravel.com\/wp-content\/uploads\/2026\/01\/2020-02-15_12-22-46_UTC-257088-500x360.jpg","datePublished":"2026-01-25T15:42:08+00:00","dateModified":"2026-04-04T16:20:42+00:00","breadcrumb":{"@id":"https:\/\/www.zorextravel.com\/destinations\/#breadcrumb"},"inLanguage":"pl-PL","potentialAction":[{"@type":"ReadAction","target":["https:\/\/www.zorextravel.com\/destinations\/"]}]},{"@type":"ImageObject","inLanguage":"pl-PL","@id":"https:\/\/www.zorextravel.com\/destinations\/#primaryimage","url":"https:\/\/www.zorextravel.com\/wp-content\/uploads\/2026\/01\/2020-02-15_12-22-46_UTC-257088-500x360.jpg","contentUrl":"https:\/\/www.zorextravel.com\/wp-content\/uploads\/2026\/01\/2020-02-15_12-22-46_UTC-257088-500x360.jpg"},{"@type":"BreadcrumbList","@id":"https:\/\/www.zorextravel.com\/destinations\/#breadcrumb","itemListElement":[{"@type":"ListItem","position":1,"name":"Home","item":"https:\/\/www.zorextravel.com\/"},{"@type":"ListItem","position":2,"name":"Destinations"}]},{"@type":"WebSite","@id":"https:\/\/www.zorextravel.com\/#website","url":"https:\/\/www.zorextravel.com\/","name":"Zorex Travel \u2013 Odkryj Egipt z ekspertami. Prze\u017cyj go z sercem.","description":"Popularne wycieczki Z podr\u00f3\u017cami szcz\u0119\u015bcia","potentialAction":[{"@type":"SearchAction","target":{"@type":"EntryPoint","urlTemplate":"https:\/\/www.zorextravel.com\/?s={search_term_string}"},"query-input":{"@type":"PropertyValueSpecification","valueRequired":true,"valueName":"search_term_string"}}],"inLanguage":"pl-PL"}]}},"_links":{"self":[{"href":"https:\/\/www.zorextravel.com\/pl\/wp-json\/wp\/v2\/pages\/1241","targetHints":{"allow":["GET"]}}],"collection":[{"href":"https:\/\/www.zorextravel.com\/pl\/wp-json\/wp\/v2\/pages"}],"about":[{"href":"https:\/\/www.zorextravel.com\/pl\/wp-json\/wp\/v2\/types\/page"}],"author":[{"embeddable":true,"href":"https:\/\/www.zorextravel.com\/pl\/wp-json\/wp\/v2\/users\/1"}],"replies":[{"embeddable":true,"href":"https:\/\/www.zorextravel.com\/pl\/wp-json\/wp\/v2\/comments?post=1241"}],"version-history":[{"count":25,"href":"https:\/\/www.zorextravel.com\/pl\/wp-json\/wp\/v2\/pages\/1241\/revisions"}],"predecessor-version":[{"id":2758,"href":"https:\/\/www.zorextravel.com\/pl\/wp-json\/wp\/v2\/pages\/1241\/revisions\/2758"}],"wp:attachment":[{"href":"https:\/\/www.zorextravel.com\/pl\/wp-json\/wp\/v2\/media?parent=1241"}],"curies":[{"name":"wp","href":"https:\/\/api.w.org\/{rel}","templated":true}]}}