{"id":1241,"date":"2026-01-25T15:42:08","date_gmt":"2026-01-25T15:42:08","guid":{"rendered":"https:\/\/www.zorextravel.com\/?page_id=1241"},"modified":"2026-04-04T16:20:42","modified_gmt":"2026-04-04T16:20:42","slug":"destinations","status":"publish","type":"page","link":"https:\/\/www.zorextravel.com\/fr\/destinations\/","title":{"rendered":"Destinations"},"content":{"rendered":"<div data-elementor-type=\"wp-page\" data-elementor-id=\"1241\" class=\"elementor elementor-1241\">\n\t\t\t\t\t\t<section class=\"elementor-section elementor-top-section elementor-element elementor-element-490a85f elementor-section-height-min-height elementor-section-boxed elementor-section-height-default elementor-section-items-middle\" data-id=\"490a85f\" data-element_type=\"section\" data-e-type=\"section\" data-settings=\"{&quot;background_background&quot;:&quot;classic&quot;}\">\n\t\t\t\t\t\t\t<div class=\"elementor-background-overlay\"><\/div>\n\t\t\t\t\t\t\t<div class=\"elementor-container elementor-column-gap-default\">\n\t\t\t\t\t<div class=\"elementor-column elementor-col-100 elementor-top-column elementor-element elementor-element-3fa40d3\" data-id=\"3fa40d3\" data-element_type=\"column\" data-e-type=\"column\">\n\t\t\t<div class=\"elementor-widget-wrap elementor-element-populated\">\n\t\t\t\t\t\t<div class=\"elementor-element elementor-element-2777f38 animated-fast elementor-invisible elementor-widget elementor-widget-gva-heading-block\" data-id=\"2777f38\" data-element_type=\"widget\" data-e-type=\"widget\" data-settings=\"{&quot;_animation&quot;:&quot;slideInDown&quot;}\" data-widget_type=\"gva-heading-block.default\">\n\t\t\t\t<div class=\"elementor-widget-container\">\n\t\t\t\t\t<div class=\"gva-element-gva-heading-block gva-element\">   <div class=\"align-center style-5 widget gsc-heading box-align-left auto-responsive\">\r\n      <div class=\"content-inner\">\r\n         \r\n                  \r\n         <div class=\"sub-title\"><span class=\"tagline\">Voyages Zorex<\/span><\/div>  \r\n         \r\n                     <h2 class=\"title\">\r\n               <span>Nos destinations en \u00c9gypte<\/span>\r\n            <\/h2>\r\n                  \r\n                     <div class=\"title-desc\">L&#039;\u00c9gypte est bien plus qu&#039;une destination\u00a0: c&#039;est une exp\u00e9rience qui \u00e9veille tous vos sens. Zorex Travel est fier de vous proposer des excursions inoubliables dans deux des plus belles destinations \u00e9gyptiennes de la mer Rouge.<\/div>\r\n         \r\n         \r\n      <\/div>\r\n   <\/div>\r\n<\/div>\t\t\t\t<\/div>\n\t\t\t\t<\/div>\n\t\t\t\t\t<\/div>\n\t\t<\/div>\n\t\t\t\t\t<\/div>\n\t\t<\/section>\n\t\t\t\t<section class=\"elementor-section elementor-top-section elementor-element elementor-element-7d436c6 elementor-section-boxed elementor-section-height-default elementor-section-height-default\" data-id=\"7d436c6\" data-element_type=\"section\" data-e-type=\"section\" data-settings=\"{&quot;background_background&quot;:&quot;classic&quot;}\">\n\t\t\t\t\t\t<div class=\"elementor-container elementor-column-gap-default\">\n\t\t\t\t\t<div class=\"elementor-column elementor-col-100 elementor-top-column elementor-element elementor-element-3aa32f4\" data-id=\"3aa32f4\" data-element_type=\"column\" data-e-type=\"column\">\n\t\t\t<div class=\"elementor-widget-wrap elementor-element-populated\">\n\t\t\t\t\t\t<div class=\"elementor-element elementor-element-7c040e7 elementor-widget elementor-widget-gva-heading-block\" data-id=\"7c040e7\" data-element_type=\"widget\" data-e-type=\"widget\" data-widget_type=\"gva-heading-block.default\">\n\t\t\t\t<div class=\"elementor-widget-container\">\n\t\t\t\t\t<div class=\"gva-element-gva-heading-block gva-element\">   <div class=\"align-center style-1 widget gsc-heading box-align-left auto-responsive\">\r\n      <div class=\"content-inner\">\r\n         \r\n                  \r\n         <div class=\"sub-title\"><span class=\"tagline\">Destinations populaires<\/span><\/div>  \r\n         \r\n                     <h2 class=\"title\">\r\n               <span>Vivez une v\u00e9ritable aventure avec Zorex Travel<\/span>\r\n            <\/h2>\r\n                  \r\n         \r\n         \r\n      <\/div>\r\n   <\/div>\r\n<\/div>\t\t\t\t<\/div>\n\t\t\t\t<\/div>\n\t\t\t\t<div class=\"elementor-element elementor-element-861aec9 elementor-widget elementor-widget-gva-banners\" data-id=\"861aec9\" data-element_type=\"widget\" data-e-type=\"widget\" data-widget_type=\"gva-banners.default\">\n\t\t\t\t<div class=\"elementor-widget-container\">\n\t\t\t\t\t<div class=\"gva-element-gva-banners gva-element\">\r\n<div class=\"gsc-banners layout-grid\">\r\n   <div class=\"lg-block-grid-2 md-block-grid-2 sm-block-grid-2 xs-block-grid-2 xx-block-grid-2\">\r\n      <div class=\"item-columns\"><div class=\"banner-one__single\"><div class=\"banner-one__content\"><div class=\"banner-one__image\"><img decoding=\"async\" src=\"https:\/\/www.zorextravel.com\/wp-content\/uploads\/2026\/01\/2020-02-15_12-22-46_UTC-257088-500x360.jpg\" alt=\"Hurghada\"\/><\/div><div class=\"banner-one__content-inner\"><div class=\"banner-one__subtitle banner-two__subtitle\">D\u00e9couvrir<\/div><div class=\"banner-one__content-top\"><h4 class=\"banner-one__title\"><span>Hurghada<\/span><\/h4><span class=\"banner-one__arrow\"><i class=\"fa-solid fa-arrow-right\"><\/i><\/span><\/div><div class=\"banner-one__desc\">Hurghada est une station baln\u00e9aire qui s&#039;\u00e9tend sur quelque 40 km le long de la c\u00f4te \u00e9gyptienne de la mer Rouge.<\/div><\/div><a href=\"https:\/\/www.zorextravel.com\/fr\/ba_location\/hurghada\/\" class=\"banner-one__link-overlay\"><\/a><\/div><\/div><\/div><div class=\"item-columns\"><div class=\"banner-one__single\"><div class=\"banner-one__content\"><div class=\"banner-one__image\"><img decoding=\"async\" src=\"https:\/\/www.zorextravel.com\/wp-content\/uploads\/2026\/01\/\u0627\u0648\u0631\u0627\u0646\u062c_\u0628\u0627\u064a_\u0627\u0644\u063a\u0631\u062f\u0642\u0629_2-500x360.jpeg\" alt=\"Marsa Alam\"\/><\/div><div class=\"banner-one__content-inner\"><div class=\"banner-one__subtitle banner-two__subtitle\">D\u00e9couvrir<\/div><div class=\"banner-one__content-top\"><h4 class=\"banner-one__title\"><span>Marsa Alam<\/span><\/h4><span class=\"banner-one__arrow\"><i class=\"fa-solid fa-arrow-right\"><\/i><\/span><\/div><div class=\"banner-one__desc\">Marsa Alam est une station baln\u00e9aire \u00e9gyptienne situ\u00e9e sur la mer Rouge. Elle est r\u00e9put\u00e9e pour ses plages de sable fin et ses r\u00e9cifs coralliens.<\/div><\/div><a href=\"https:\/\/www.zorextravel.com\/fr\/ba_location\/marsa-alam\/\" class=\"banner-one__link-overlay\"><\/a><\/div><\/div><\/div>   <\/div>\r\n<\/div>\r\n<\/div>\t\t\t\t<\/div>\n\t\t\t\t<\/div>\n\t\t\t\t<div class=\"elementor-element elementor-element-5588984 elementor-widget elementor-widget-gva-banners\" data-id=\"5588984\" data-element_type=\"widget\" data-e-type=\"widget\" data-widget_type=\"gva-banners.default\">\n\t\t\t\t<div class=\"elementor-widget-container\">\n\t\t\t\t\t<div class=\"gva-element-gva-banners gva-element\">\r\n<div class=\"gsc-banners layout-grid\">\r\n   <div class=\"lg-block-grid-2 md-block-grid-2 sm-block-grid-2 xs-block-grid-2 xx-block-grid-2\">\r\n      <div class=\"item-columns\"><div class=\"banner-one__single\"><div class=\"banner-one__content\"><div class=\"banner-one__image\"><img decoding=\"async\" src=\"https:\/\/www.zorextravel.com\/wp-content\/uploads\/2026\/01\/2020-02-15_12-22-46_UTC-257088-500x360.jpg\" alt=\"Hurghada\"\/><\/div><div class=\"banner-one__content-inner\"><div class=\"banner-one__subtitle banner-two__subtitle\">D\u00e9couvrir<\/div><div class=\"banner-one__content-top\"><h4 class=\"banner-one__title\"><span>Hurghada<\/span><\/h4><span class=\"banner-one__arrow\"><i class=\"fa-solid fa-arrow-right\"><\/i><\/span><\/div><div class=\"banner-one__desc\">Hurghada est une station baln\u00e9aire qui s&#039;\u00e9tend sur quelque 40 km le long de la c\u00f4te \u00e9gyptienne de la mer Rouge.<\/div><\/div><a href=\"https:\/\/www.zorextravel.com\/fr\/ba_location\/hurghada\/\" class=\"banner-one__link-overlay\"><\/a><\/div><\/div><\/div><div class=\"item-columns\"><div class=\"banner-one__single\"><div class=\"banner-one__content\"><div class=\"banner-one__image\"><img decoding=\"async\" src=\"https:\/\/www.zorextravel.com\/wp-content\/uploads\/2026\/01\/\u0627\u0648\u0631\u0627\u0646\u062c_\u0628\u0627\u064a_\u0627\u0644\u063a\u0631\u062f\u0642\u0629_2-500x360.jpeg\" alt=\"Marsa Alam\"\/><\/div><div class=\"banner-one__content-inner\"><div class=\"banner-one__subtitle banner-two__subtitle\">D\u00e9couvrir<\/div><div class=\"banner-one__content-top\"><h4 class=\"banner-one__title\"><span>Marsa Alam<\/span><\/h4><span class=\"banner-one__arrow\"><i class=\"fa-solid fa-arrow-right\"><\/i><\/span><\/div><div class=\"banner-one__desc\">Marsa Alam est une station baln\u00e9aire \u00e9gyptienne situ\u00e9e sur la mer Rouge. Elle est r\u00e9put\u00e9e pour ses plages de sable fin et ses r\u00e9cifs coralliens.<\/div><\/div><a href=\"https:\/\/www.zorextravel.com\/fr\/ba_location\/marsa-alam\/\" class=\"banner-one__link-overlay\"><\/a><\/div><\/div><\/div>   <\/div>\r\n<\/div>\r\n<\/div>\t\t\t\t<\/div>\n\t\t\t\t<\/div>\n\t\t\t\t\t<\/div>\n\t\t<\/div>\n\t\t\t\t\t<\/div>\n\t\t<\/section>\n\t\t\t\t<\/div>","protected":false},"excerpt":{"rendered":"<p>zorex travel Our Destinations in Egypt Egypt is more than a destination \u2014 it\u2019s an experience that awakens all your senses. zorex travel proudly offers unforgettable excursions in two of Egypt\u2019s most stunning Red Sea destinations. Popular Destinatsions Explore Real Adventure with zorex travel Discover Hurghada Hurghada is a beach resort town stretching some 40km [&hellip;]<\/p>\n","protected":false},"author":1,"featured_media":0,"parent":0,"menu_order":0,"comment_status":"closed","ping_status":"closed","template":"elementor_header_footer","meta":{"footnotes":""},"class_list":["post-1241","page","type-page","status-publish","hentry"],"yoast_head":"<!-- This site is optimized with the Yoast SEO plugin v27.3 - https:\/\/yoast.com\/product\/yoast-seo-wordpress\/ -->\n<title>Destinations - Zorex Travel- Discover Egypt with Experts. Experience It with Heart.<\/title>\n<meta name=\"robots\" content=\"index, follow, max-snippet:-1, max-image-preview:large, max-video-preview:-1\" \/>\n<link rel=\"canonical\" href=\"https:\/\/www.zorextravel.com\/fr\/destinations\/\" \/>\n<meta property=\"og:locale\" content=\"fr_FR\" \/>\n<meta property=\"og:type\" content=\"article\" \/>\n<meta property=\"og:title\" content=\"Destinations - Zorex Travel- Discover Egypt with Experts. Experience It with Heart.\" \/>\n<meta property=\"og:description\" content=\"zorex travel Our Destinations in Egypt Egypt is more than a destination \u2014 it\u2019s an experience that awakens all your senses. zorex travel proudly offers unforgettable excursions in two of Egypt\u2019s most stunning Red Sea destinations. Popular Destinatsions Explore Real Adventure with zorex travel Discover Hurghada Hurghada is a beach resort town stretching some 40km [&hellip;]\" \/>\n<meta property=\"og:url\" content=\"https:\/\/www.zorextravel.com\/fr\/destinations\/\" \/>\n<meta property=\"og:site_name\" content=\"Zorex Travel- Discover Egypt with Experts. Experience It with Heart.\" \/>\n<meta property=\"article:modified_time\" content=\"2026-04-04T16:20:42+00:00\" \/>\n<meta property=\"og:image\" content=\"https:\/\/www.zorextravel.com\/wp-content\/uploads\/2026\/01\/2020-02-15_12-22-46_UTC-257088-500x360.jpg\" \/>\n<meta name=\"twitter:card\" content=\"summary_large_image\" \/>\n<meta name=\"twitter:label1\" content=\"Dur\u00e9e de lecture estim\u00e9e\" \/>\n\t<meta name=\"twitter:data1\" content=\"2 minutes\" \/>\n<script type=\"application\/ld+json\" class=\"yoast-schema-graph\">{\"@context\":\"https:\\\/\\\/schema.org\",\"@graph\":[{\"@type\":\"WebPage\",\"@id\":\"https:\\\/\\\/www.zorextravel.com\\\/destinations\\\/\",\"url\":\"https:\\\/\\\/www.zorextravel.com\\\/destinations\\\/\",\"name\":\"Destinations - Zorex Travel- Discover Egypt with Experts. Experience It with Heart.\",\"isPartOf\":{\"@id\":\"https:\\\/\\\/www.zorextravel.com\\\/#website\"},\"primaryImageOfPage\":{\"@id\":\"https:\\\/\\\/www.zorextravel.com\\\/destinations\\\/#primaryimage\"},\"image\":{\"@id\":\"https:\\\/\\\/www.zorextravel.com\\\/destinations\\\/#primaryimage\"},\"thumbnailUrl\":\"https:\\\/\\\/www.zorextravel.com\\\/wp-content\\\/uploads\\\/2026\\\/01\\\/2020-02-15_12-22-46_UTC-257088-500x360.jpg\",\"datePublished\":\"2026-01-25T15:42:08+00:00\",\"dateModified\":\"2026-04-04T16:20:42+00:00\",\"breadcrumb\":{\"@id\":\"https:\\\/\\\/www.zorextravel.com\\\/destinations\\\/#breadcrumb\"},\"inLanguage\":\"fr-FR\",\"potentialAction\":[{\"@type\":\"ReadAction\",\"target\":[\"https:\\\/\\\/www.zorextravel.com\\\/destinations\\\/\"]}]},{\"@type\":\"ImageObject\",\"inLanguage\":\"fr-FR\",\"@id\":\"https:\\\/\\\/www.zorextravel.com\\\/destinations\\\/#primaryimage\",\"url\":\"https:\\\/\\\/www.zorextravel.com\\\/wp-content\\\/uploads\\\/2026\\\/01\\\/2020-02-15_12-22-46_UTC-257088-500x360.jpg\",\"contentUrl\":\"https:\\\/\\\/www.zorextravel.com\\\/wp-content\\\/uploads\\\/2026\\\/01\\\/2020-02-15_12-22-46_UTC-257088-500x360.jpg\"},{\"@type\":\"BreadcrumbList\",\"@id\":\"https:\\\/\\\/www.zorextravel.com\\\/destinations\\\/#breadcrumb\",\"itemListElement\":[{\"@type\":\"ListItem\",\"position\":1,\"name\":\"Home\",\"item\":\"https:\\\/\\\/www.zorextravel.com\\\/\"},{\"@type\":\"ListItem\",\"position\":2,\"name\":\"Destinations\"}]},{\"@type\":\"WebSite\",\"@id\":\"https:\\\/\\\/www.zorextravel.com\\\/#website\",\"url\":\"https:\\\/\\\/www.zorextravel.com\\\/\",\"name\":\"Zorex Travel- Discover Egypt with Experts. Experience It with Heart.\",\"description\":\"Popular Excursions With zorex travel\",\"potentialAction\":[{\"@type\":\"SearchAction\",\"target\":{\"@type\":\"EntryPoint\",\"urlTemplate\":\"https:\\\/\\\/www.zorextravel.com\\\/?s={search_term_string}\"},\"query-input\":{\"@type\":\"PropertyValueSpecification\",\"valueRequired\":true,\"valueName\":\"search_term_string\"}}],\"inLanguage\":\"fr-FR\"}]}<\/script>\n<!-- \/ Yoast SEO plugin. -->","yoast_head_json":{"title":"Destinations - Zorex Travel - D\u00e9couvrez l&#039;\u00c9gypte avec des experts. Vivez-la avec passion.","robots":{"index":"index","follow":"follow","max-snippet":"max-snippet:-1","max-image-preview":"max-image-preview:large","max-video-preview":"max-video-preview:-1"},"canonical":"https:\/\/www.zorextravel.com\/fr\/destinations\/","og_locale":"fr_FR","og_type":"article","og_title":"Destinations - Zorex Travel- Discover Egypt with Experts. Experience It with Heart.","og_description":"zorex travel Our Destinations in Egypt Egypt is more than a destination \u2014 it\u2019s an experience that awakens all your senses. zorex travel proudly offers unforgettable excursions in two of Egypt\u2019s most stunning Red Sea destinations. Popular Destinatsions Explore Real Adventure with zorex travel Discover Hurghada Hurghada is a beach resort town stretching some 40km [&hellip;]","og_url":"https:\/\/www.zorextravel.com\/fr\/destinations\/","og_site_name":"Zorex Travel- Discover Egypt with Experts. Experience It with Heart.","article_modified_time":"2026-04-04T16:20:42+00:00","og_image":[{"url":"https:\/\/www.zorextravel.com\/wp-content\/uploads\/2026\/01\/2020-02-15_12-22-46_UTC-257088-500x360.jpg","type":"","width":"","height":""}],"twitter_card":"summary_large_image","twitter_misc":{"Dur\u00e9e de lecture estim\u00e9e":"2 minutes"},"schema":{"@context":"https:\/\/schema.org","@graph":[{"@type":"WebPage","@id":"https:\/\/www.zorextravel.com\/destinations\/","url":"https:\/\/www.zorextravel.com\/destinations\/","name":"Destinations - Zorex Travel - D\u00e9couvrez l&#039;\u00c9gypte avec des experts. Vivez-la avec passion.","isPartOf":{"@id":"https:\/\/www.zorextravel.com\/#website"},"primaryImageOfPage":{"@id":"https:\/\/www.zorextravel.com\/destinations\/#primaryimage"},"image":{"@id":"https:\/\/www.zorextravel.com\/destinations\/#primaryimage"},"thumbnailUrl":"https:\/\/www.zorextravel.com\/wp-content\/uploads\/2026\/01\/2020-02-15_12-22-46_UTC-257088-500x360.jpg","datePublished":"2026-01-25T15:42:08+00:00","dateModified":"2026-04-04T16:20:42+00:00","breadcrumb":{"@id":"https:\/\/www.zorextravel.com\/destinations\/#breadcrumb"},"inLanguage":"fr-FR","potentialAction":[{"@type":"ReadAction","target":["https:\/\/www.zorextravel.com\/destinations\/"]}]},{"@type":"ImageObject","inLanguage":"fr-FR","@id":"https:\/\/www.zorextravel.com\/destinations\/#primaryimage","url":"https:\/\/www.zorextravel.com\/wp-content\/uploads\/2026\/01\/2020-02-15_12-22-46_UTC-257088-500x360.jpg","contentUrl":"https:\/\/www.zorextravel.com\/wp-content\/uploads\/2026\/01\/2020-02-15_12-22-46_UTC-257088-500x360.jpg"},{"@type":"BreadcrumbList","@id":"https:\/\/www.zorextravel.com\/destinations\/#breadcrumb","itemListElement":[{"@type":"ListItem","position":1,"name":"Home","item":"https:\/\/www.zorextravel.com\/"},{"@type":"ListItem","position":2,"name":"Destinations"}]},{"@type":"WebSite","@id":"https:\/\/www.zorextravel.com\/#website","url":"https:\/\/www.zorextravel.com\/","name":"Zorex Travel - D\u00e9couvrez l&#039;\u00c9gypte avec des experts. Vivez-la avec passion.","description":"Excursions populaires avec Zorex Travel","potentialAction":[{"@type":"SearchAction","target":{"@type":"EntryPoint","urlTemplate":"https:\/\/www.zorextravel.com\/?s={search_term_string}"},"query-input":{"@type":"PropertyValueSpecification","valueRequired":true,"valueName":"search_term_string"}}],"inLanguage":"fr-FR"}]}},"_links":{"self":[{"href":"https:\/\/www.zorextravel.com\/fr\/wp-json\/wp\/v2\/pages\/1241","targetHints":{"allow":["GET"]}}],"collection":[{"href":"https:\/\/www.zorextravel.com\/fr\/wp-json\/wp\/v2\/pages"}],"about":[{"href":"https:\/\/www.zorextravel.com\/fr\/wp-json\/wp\/v2\/types\/page"}],"author":[{"embeddable":true,"href":"https:\/\/www.zorextravel.com\/fr\/wp-json\/wp\/v2\/users\/1"}],"replies":[{"embeddable":true,"href":"https:\/\/www.zorextravel.com\/fr\/wp-json\/wp\/v2\/comments?post=1241"}],"version-history":[{"count":25,"href":"https:\/\/www.zorextravel.com\/fr\/wp-json\/wp\/v2\/pages\/1241\/revisions"}],"predecessor-version":[{"id":2758,"href":"https:\/\/www.zorextravel.com\/fr\/wp-json\/wp\/v2\/pages\/1241\/revisions\/2758"}],"wp:attachment":[{"href":"https:\/\/www.zorextravel.com\/fr\/wp-json\/wp\/v2\/media?parent=1241"}],"curies":[{"name":"wp","href":"https:\/\/api.w.org\/{rel}","templated":true}]}}